{"id":4505,"date":"2022-12-07T09:04:17","date_gmt":"2022-12-07T08:04:17","guid":{"rendered":"https:\/\/haecker.ourplant.de\/impressum\/"},"modified":"2026-02-10T12:06:18","modified_gmt":"2026-02-10T11:06:18","slug":"impressum","status":"publish","type":"page","link":"https:\/\/kurtz-ersa-smart-production.com\/en\/impressum\/","title":{"rendered":"Impressum"},"content":{"rendered":"\t\t<div data-elementor-type=\"wp-page\" data-elementor-id=\"4505\" class=\"elementor elementor-4505 elementor-2801\" data-elementor-post-type=\"page\">\n\t\t\t\t\t\t<section class=\"elementor-section elementor-top-section elementor-element elementor-element-7d6e7e30 elementor-section-height-min-height elementor-section-full_width elementor-section-height-default elementor-section-items-middle\" data-id=\"7d6e7e30\" data-element_type=\"section\" data-e-type=\"section\" data-settings=\"{&quot;background_background&quot;:&quot;classic&quot;}\">\n\t\t\t\t\t\t\t<div class=\"elementor-background-overlay\"><\/div>\n\t\t\t\t\t\t\t<div class=\"elementor-container elementor-column-gap-no\">\n\t\t\t\t\t<div class=\"elementor-column elementor-col-100 elementor-top-column elementor-element elementor-element-28e2adec\" data-id=\"28e2adec\" data-element_type=\"column\" data-e-type=\"column\">\n\t\t\t<div class=\"elementor-widget-wrap elementor-element-populated\">\n\t\t\t\t\t\t<section class=\"elementor-section elementor-inner-section elementor-element elementor-element-78a5e781 elementor-section-boxed elementor-section-height-default elementor-section-height-default\" data-id=\"78a5e781\" data-element_type=\"section\" data-e-type=\"section\">\n\t\t\t\t\t\t<div class=\"elementor-container elementor-column-gap-default\">\n\t\t\t\t\t<div class=\"elementor-column elementor-col-100 elementor-inner-column elementor-element elementor-element-1b00a0ef\" data-id=\"1b00a0ef\" data-element_type=\"column\" data-e-type=\"column\">\n\t\t\t<div class=\"elementor-widget-wrap elementor-element-populated\">\n\t\t\t\t\t\t<div class=\"elementor-element elementor-element-4763d066 elementor-widget elementor-widget-heading\" data-id=\"4763d066\" data-element_type=\"widget\" data-e-type=\"widget\" data-widget_type=\"heading.default\">\n\t\t\t\t<div class=\"elementor-widget-container\">\n\t\t\t\t\t<h1 class=\"elementor-heading-title elementor-size-default\">IMPRESS\n\n\n\n\n<\/h1>\t\t\t\t<\/div>\n\t\t\t\t<\/div>\n\t\t\t\t\t<\/div>\n\t\t<\/div>\n\t\t\t\t\t<\/div>\n\t\t<\/section>\n\t\t\t\t\t<\/div>\n\t\t<\/div>\n\t\t\t\t\t<\/div>\n\t\t<\/section>\n\t\t\t\t<section class=\"elementor-section elementor-top-section elementor-element elementor-element-b4bad2a elementor-section-boxed elementor-section-height-default elementor-section-height-default\" data-id=\"b4bad2a\" data-element_type=\"section\" data-e-type=\"section\">\n\t\t\t\t\t\t<div class=\"elementor-container elementor-column-gap-default\">\n\t\t\t\t\t<div class=\"elementor-column elementor-col-100 elementor-top-column elementor-element elementor-element-404e1fb\" data-id=\"404e1fb\" data-element_type=\"column\" data-e-type=\"column\">\n\t\t\t<div class=\"elementor-widget-wrap elementor-element-populated\">\n\t\t\t\t\t\t<div class=\"elementor-element elementor-element-52f3006 elementor-widget elementor-widget-text-editor\" data-id=\"52f3006\" data-element_type=\"widget\" data-e-type=\"widget\" data-widget_type=\"text-editor.default\">\n\t\t\t\t<div class=\"elementor-widget-container\">\n\t\t\t\t\t\t\t\t\t<h3>Kurtz Ersa Smart Production GmbH<\/h3>\n<p>Inselsbergstra\u00dfe 17<br \/>99880 Schwarzhausen<\/p>\n<h3>REPRESENTED BY:<\/h3>\n<p>Gesch\u00e4ftsf\u00fchrender Gesellschafter: Gerrit H\u00e4cker<\/p>\n<h3>CONTACT:<\/h3>\n<p>Telephone: 036259 300 0<br \/>Telefax: 036259 300 29<br \/>Email: contact@haecker-automation.com<\/p>\n<h3>REGISTER ENTRY:<\/h3>\n<p>Entry in the Handelsregister.<br \/>Registering court:Amtsgericht Jena<br \/>Registration number: HRB 500718<\/p>\n<h3>VAT:<\/h3>\n<p>VAT Id number according to Sec. 27 a German Value Added Tax Act:<br \/>DE 250896310<\/p>\n<h3>RESPONSIBLE FOR CONTENTS ACC. TO SEC. 55, PARA. 2 GERMAN FEDERAL BROADCASTING AGREEMENT (RSTV):<\/h3>\n<p>Gerrit H\u00e4cker<br \/>Inselsbergstra\u00dfe 17<br \/>99880 Schwarzhausen<\/p>\n<h3>DISPUTE RESOLUTION<\/h3>\n<p>The European Commission provides a platform for online dispute resolution (OS): https:\/\/ec.europa.eu\/consumers\/odr.<br \/>Please find our email in the impressum\/legal notice. We do not take part in online dispute resolutions at consumer arbitration boards.<\/p>\n<h3>LIABILITY FOR CONTENTS<\/h3>\n<p>As service providers, we are liable for own contents of these websites according to Sec. 7, paragraph 1 German Telemedia Act (TMG). However, according to Sec. 8 to 10 German Telemedia Act (TMG), service providers are not obligated to permanently monitor submitted or stored information or to search for evidences that indicate illegal activities.<\/p>\n<p>Legal obligations to removing information or to blocking the use of information remain unchallenged. In this case, liability is only possible at the time of knowledge about a specific violation of law. Illegal contents will be removed immediately at the time we get knowledge of them.<\/p>\n<h3>LIABILITY FOR LINKS<\/h3>\n<p>Our offer includes links to external third party websites. We have no influence on the contents of those websites, therefore we cannot guarantee for those contents. Providers or administrators of linked websites are always responsible for their own contents.<\/p>\n<p>The linked websites had been checked for possible violations of law at the time of the establishment of the link. Illegal contents were not detected at the time of the linking. A permanent monitoring of the contents of linked websites cannot be imposed without reasonable indications that there has been a violation of law. Illegal links will be removed immediately at the time we get knowledge of them.<\/p>\n<h3>COPYRIGHT<\/h3>\n<p>Contents and compilations published on these websites by the providers are subject to German copyright laws. Reproduction, editing, distribution as well as the use of any kind outside the scope of the copyright law require a written permission of the author or originator. Downloads and copies of these websites are permitted for private use only.<br \/>The commercial use of our contents without permission of the originator is prohibited.<\/p>\n<p>Copyright laws of third parties are respected as long as the contents on these websites do not originate from the provider. Contributions of third parties on this site are indicated as such. However, if you notice any violations of copyright law, please inform us. Such contents will be removed immediately.<br \/><br \/><\/p>\n<p>\u00a0<\/p>\n<p><img decoding=\"async\" class=\"alignnone size-full wp-image-4507\" src=\"https:\/\/kurtz-ersa-smart-production.com\/wp-content\/uploads\/2023\/02\/logo_efre_-_4c_small.jpeg\" alt=\"\" width=\"232\" height=\"70\" \/><br \/><b>Support program extension of the business premisses<\/b><br \/>This project that was funded by the state of Thuringia project was also co-financed by European Union funds under the European Regional Development Fund (ERDF).<\/p>\n<p>\u00a0<\/p>\n<p><img decoding=\"async\" class=\"alignnone size-full wp-image-4509\" src=\"https:\/\/kurtz-ersa-smart-production.com\/wp-content\/uploads\/2023\/02\/logo_esf_-_4c_small.jpeg\" alt=\"\" width=\"152\" height=\"70\" srcset=\"https:\/\/kurtz-ersa-smart-production.com\/wp-content\/uploads\/2023\/02\/logo_esf_-_4c_small.jpeg 152w, https:\/\/kurtz-ersa-smart-production.com\/wp-content\/uploads\/2023\/02\/logo_esf_-_4c_small-150x70.jpeg 150w\" sizes=\"(max-width: 152px) 100vw, 152px\" \/><br \/><b>Funding of staff in research and development promoting technology scouts<\/b><br \/>Funded by the Thuringian Ministry of Economy, Technology &amp; Work from the European social Fund (ESF).<\/p>\n<div>\n<div>\n<div>\n<div>\n<div>\n<div>\n<div>\n<div>\u00a0<\/div>\n<\/div>\n<\/div>\n<\/div>\n<\/div>\n<\/div>\n<\/div>\n<\/div>\n<div>\u00a0<\/div>\n<div>\u00a0<\/div>\t\t\t\t\t\t\t\t<\/div>\n\t\t\t\t<\/div>\n\t\t\t\t\t<\/div>\n\t\t<\/div>\n\t\t\t\t\t<\/div>\n\t\t<\/section>\n\t\t\t\t<\/div>\n\t\t","protected":false},"excerpt":{"rendered":"<p>IMPRESS Kurtz Ersa Smart Production GmbH Inselsbergstra\u00dfe 1799880 Schwarzhausen REPRESENTED BY: Gesch\u00e4ftsf\u00fchrender Gesellschafter: Gerrit H\u00e4cker CONTACT: Telephone: 036259 300 0Telefax: 036259 300 29Email: contact@haecker-automation.com REGISTER ENTRY: Entry in the Handelsregister.Registering court:Amtsgericht JenaRegistration number: HRB 500718 VAT: VAT Id number according to Sec. 27 a German Value Added Tax Act:DE 250896310 RESPONSIBLE FOR CONTENTS ACC. TO [&hellip;]<\/p>\n","protected":false},"author":1,"featured_media":3289,"parent":0,"menu_order":0,"comment_status":"closed","ping_status":"closed","template":"elementor_header_footer","meta":{"footnotes":""},"class_list":["post-4505","page","type-page","status-publish","has-post-thumbnail","hentry"],"yoast_head":"<!-- This site is optimized with the Yoast SEO plugin v27.4 - https:\/\/yoast.com\/product\/yoast-seo-wordpress\/ -->\n<title>Impressum | Kurtz Ersa Smart Production GmbH<\/title>\n<meta name=\"description\" content=\"Impressum | Kurtz Ersa Smart Production GmbH\" \/>\n<meta name=\"robots\" content=\"index, follow, max-snippet:-1, max-image-preview:large, max-video-preview:-1\" \/>\n<link rel=\"canonical\" href=\"https:\/\/kurtz-ersa-smart-production.com\/en\/impressum\/\" \/>\n<meta property=\"og:locale\" content=\"en_US\" \/>\n<meta property=\"og:type\" content=\"article\" \/>\n<meta property=\"og:title\" content=\"Impressum | Kurtz Ersa Smart Production GmbH\" \/>\n<meta property=\"og:description\" content=\"Impressum | Kurtz Ersa Smart Production GmbH\" \/>\n<meta property=\"og:url\" content=\"https:\/\/kurtz-ersa-smart-production.com\/en\/impressum\/\" \/>\n<meta property=\"og:site_name\" content=\"Kurtz Ersa Smart Production GmbH\" \/>\n<meta property=\"article:publisher\" content=\"https:\/\/www.facebook.com\/haecker.automation\" \/>\n<meta property=\"article:modified_time\" content=\"2026-02-10T11:06:18+00:00\" \/>\n<meta property=\"og:image\" content=\"https:\/\/kurtz-ersa-smart-production.com\/wp-content\/uploads\/2022\/11\/Maschinenfamilie_Header_Haecker-automation.jpg\" \/>\n\t<meta property=\"og:image:width\" content=\"2000\" \/>\n\t<meta property=\"og:image:height\" content=\"1000\" \/>\n\t<meta property=\"og:image:type\" content=\"image\/jpeg\" \/>\n<meta name=\"twitter:card\" content=\"summary_large_image\" \/>\n<meta name=\"twitter:site\" content=\"@_haecker\" \/>\n<meta name=\"twitter:label1\" content=\"Est. reading time\" \/>\n\t<meta name=\"twitter:data1\" content=\"3 minutes\" \/>\n<script type=\"application\/ld+json\" class=\"yoast-schema-graph\">{\"@context\":\"https:\\\/\\\/schema.org\",\"@graph\":[{\"@type\":\"WebPage\",\"@id\":\"https:\\\/\\\/kurtz-ersa-smart-production.com\\\/en\\\/impressum\\\/\",\"url\":\"https:\\\/\\\/kurtz-ersa-smart-production.com\\\/en\\\/impressum\\\/\",\"name\":\"Impressum | Kurtz Ersa Smart Production GmbH\",\"isPartOf\":{\"@id\":\"https:\\\/\\\/kurtz-ersa-smart-production.com\\\/en\\\/#website\"},\"primaryImageOfPage\":{\"@id\":\"https:\\\/\\\/kurtz-ersa-smart-production.com\\\/en\\\/impressum\\\/#primaryimage\"},\"image\":{\"@id\":\"https:\\\/\\\/kurtz-ersa-smart-production.com\\\/en\\\/impressum\\\/#primaryimage\"},\"thumbnailUrl\":\"https:\\\/\\\/kurtz-ersa-smart-production.com\\\/wp-content\\\/uploads\\\/2022\\\/11\\\/haecker_logo_color.svg\",\"datePublished\":\"2022-12-07T08:04:17+00:00\",\"dateModified\":\"2026-02-10T11:06:18+00:00\",\"description\":\"Impressum | Kurtz Ersa Smart Production GmbH\",\"breadcrumb\":{\"@id\":\"https:\\\/\\\/kurtz-ersa-smart-production.com\\\/en\\\/impressum\\\/#breadcrumb\"},\"inLanguage\":\"en-US\",\"potentialAction\":[{\"@type\":\"ReadAction\",\"target\":[\"https:\\\/\\\/kurtz-ersa-smart-production.com\\\/en\\\/impressum\\\/\"]}]},{\"@type\":\"ImageObject\",\"inLanguage\":\"en-US\",\"@id\":\"https:\\\/\\\/kurtz-ersa-smart-production.com\\\/en\\\/impressum\\\/#primaryimage\",\"url\":\"https:\\\/\\\/kurtz-ersa-smart-production.com\\\/wp-content\\\/uploads\\\/2022\\\/11\\\/haecker_logo_color.svg\",\"contentUrl\":\"https:\\\/\\\/kurtz-ersa-smart-production.com\\\/wp-content\\\/uploads\\\/2022\\\/11\\\/haecker_logo_color.svg\",\"width\":860,\"height\":252},{\"@type\":\"BreadcrumbList\",\"@id\":\"https:\\\/\\\/kurtz-ersa-smart-production.com\\\/en\\\/impressum\\\/#breadcrumb\",\"itemListElement\":[{\"@type\":\"ListItem\",\"position\":1,\"name\":\"Startseite\",\"item\":\"https:\\\/\\\/kurtz-ersa-smart-production.com\\\/en\\\/\"},{\"@type\":\"ListItem\",\"position\":2,\"name\":\"Impressum\"}]},{\"@type\":\"WebSite\",\"@id\":\"https:\\\/\\\/kurtz-ersa-smart-production.com\\\/en\\\/#website\",\"url\":\"https:\\\/\\\/kurtz-ersa-smart-production.com\\\/en\\\/\",\"name\":\"Kurtz Ersa Smart Production GmbH\",\"description\":\"Automation f\u00fcr Deine Mikroprodukte\",\"publisher\":{\"@id\":\"https:\\\/\\\/kurtz-ersa-smart-production.com\\\/en\\\/#organization\"},\"potentialAction\":[{\"@type\":\"SearchAction\",\"target\":{\"@type\":\"EntryPoint\",\"urlTemplate\":\"https:\\\/\\\/kurtz-ersa-smart-production.com\\\/en\\\/?s={search_term_string}\"},\"query-input\":{\"@type\":\"PropertyValueSpecification\",\"valueRequired\":true,\"valueName\":\"search_term_string\"}}],\"inLanguage\":\"en-US\"},{\"@type\":\"Organization\",\"@id\":\"https:\\\/\\\/kurtz-ersa-smart-production.com\\\/en\\\/#organization\",\"name\":\"H\u00e4cker Automation GmbH\",\"alternateName\":\"H\u00e4cker Automation\",\"url\":\"https:\\\/\\\/kurtz-ersa-smart-production.com\\\/en\\\/\",\"logo\":{\"@type\":\"ImageObject\",\"inLanguage\":\"en-US\",\"@id\":\"https:\\\/\\\/kurtz-ersa-smart-production.com\\\/en\\\/#\\\/schema\\\/logo\\\/image\\\/\",\"url\":\"https:\\\/\\\/kurtz-ersa-smart-production.com\\\/wp-content\\\/uploads\\\/2022\\\/10\\\/cropped-Favicon.png\",\"contentUrl\":\"https:\\\/\\\/kurtz-ersa-smart-production.com\\\/wp-content\\\/uploads\\\/2022\\\/10\\\/cropped-Favicon.png\",\"width\":512,\"height\":512,\"caption\":\"H\u00e4cker Automation GmbH\"},\"image\":{\"@id\":\"https:\\\/\\\/kurtz-ersa-smart-production.com\\\/en\\\/#\\\/schema\\\/logo\\\/image\\\/\"},\"sameAs\":[\"https:\\\/\\\/www.facebook.com\\\/haecker.automation\",\"https:\\\/\\\/x.com\\\/_haecker\",\"https:\\\/\\\/www.linkedin.com\\\/company\\\/h-cker-automation-gmbh\\\/mycompany\\\/\",\"https:\\\/\\\/www.youtube.com\\\/@HaeckerAutomation\"]}]}<\/script>\n<!-- \/ Yoast SEO plugin. -->","yoast_head_json":{"title":"Impressum | Kurtz Ersa Smart Production GmbH","description":"Impressum | Kurtz Ersa Smart Production GmbH","robots":{"index":"index","follow":"follow","max-snippet":"max-snippet:-1","max-image-preview":"max-image-preview:large","max-video-preview":"max-video-preview:-1"},"canonical":"https:\/\/kurtz-ersa-smart-production.com\/en\/impressum\/","og_locale":"en_US","og_type":"article","og_title":"Impressum | Kurtz Ersa Smart Production GmbH","og_description":"Impressum | Kurtz Ersa Smart Production GmbH","og_url":"https:\/\/kurtz-ersa-smart-production.com\/en\/impressum\/","og_site_name":"Kurtz Ersa Smart Production GmbH","article_publisher":"https:\/\/www.facebook.com\/haecker.automation","article_modified_time":"2026-02-10T11:06:18+00:00","og_image":[{"width":2000,"height":1000,"url":"https:\/\/kurtz-ersa-smart-production.com\/wp-content\/uploads\/2022\/11\/Maschinenfamilie_Header_Haecker-automation.jpg","type":"image\/jpeg"}],"twitter_card":"summary_large_image","twitter_site":"@_haecker","twitter_misc":{"Est. reading time":"3 minutes"},"schema":{"@context":"https:\/\/schema.org","@graph":[{"@type":"WebPage","@id":"https:\/\/kurtz-ersa-smart-production.com\/en\/impressum\/","url":"https:\/\/kurtz-ersa-smart-production.com\/en\/impressum\/","name":"Impressum | Kurtz Ersa Smart Production GmbH","isPartOf":{"@id":"https:\/\/kurtz-ersa-smart-production.com\/en\/#website"},"primaryImageOfPage":{"@id":"https:\/\/kurtz-ersa-smart-production.com\/en\/impressum\/#primaryimage"},"image":{"@id":"https:\/\/kurtz-ersa-smart-production.com\/en\/impressum\/#primaryimage"},"thumbnailUrl":"https:\/\/kurtz-ersa-smart-production.com\/wp-content\/uploads\/2022\/11\/haecker_logo_color.svg","datePublished":"2022-12-07T08:04:17+00:00","dateModified":"2026-02-10T11:06:18+00:00","description":"Impressum | Kurtz Ersa Smart Production GmbH","breadcrumb":{"@id":"https:\/\/kurtz-ersa-smart-production.com\/en\/impressum\/#breadcrumb"},"inLanguage":"en-US","potentialAction":[{"@type":"ReadAction","target":["https:\/\/kurtz-ersa-smart-production.com\/en\/impressum\/"]}]},{"@type":"ImageObject","inLanguage":"en-US","@id":"https:\/\/kurtz-ersa-smart-production.com\/en\/impressum\/#primaryimage","url":"https:\/\/kurtz-ersa-smart-production.com\/wp-content\/uploads\/2022\/11\/haecker_logo_color.svg","contentUrl":"https:\/\/kurtz-ersa-smart-production.com\/wp-content\/uploads\/2022\/11\/haecker_logo_color.svg","width":860,"height":252},{"@type":"BreadcrumbList","@id":"https:\/\/kurtz-ersa-smart-production.com\/en\/impressum\/#breadcrumb","itemListElement":[{"@type":"ListItem","position":1,"name":"Startseite","item":"https:\/\/kurtz-ersa-smart-production.com\/en\/"},{"@type":"ListItem","position":2,"name":"Impressum"}]},{"@type":"WebSite","@id":"https:\/\/kurtz-ersa-smart-production.com\/en\/#website","url":"https:\/\/kurtz-ersa-smart-production.com\/en\/","name":"Kurtz Ersa Smart Production GmbH","description":"Automation f\u00fcr Deine Mikroprodukte","publisher":{"@id":"https:\/\/kurtz-ersa-smart-production.com\/en\/#organization"},"potentialAction":[{"@type":"SearchAction","target":{"@type":"EntryPoint","urlTemplate":"https:\/\/kurtz-ersa-smart-production.com\/en\/?s={search_term_string}"},"query-input":{"@type":"PropertyValueSpecification","valueRequired":true,"valueName":"search_term_string"}}],"inLanguage":"en-US"},{"@type":"Organization","@id":"https:\/\/kurtz-ersa-smart-production.com\/en\/#organization","name":"H\u00e4cker Automation GmbH","alternateName":"H\u00e4cker Automation","url":"https:\/\/kurtz-ersa-smart-production.com\/en\/","logo":{"@type":"ImageObject","inLanguage":"en-US","@id":"https:\/\/kurtz-ersa-smart-production.com\/en\/#\/schema\/logo\/image\/","url":"https:\/\/kurtz-ersa-smart-production.com\/wp-content\/uploads\/2022\/10\/cropped-Favicon.png","contentUrl":"https:\/\/kurtz-ersa-smart-production.com\/wp-content\/uploads\/2022\/10\/cropped-Favicon.png","width":512,"height":512,"caption":"H\u00e4cker Automation GmbH"},"image":{"@id":"https:\/\/kurtz-ersa-smart-production.com\/en\/#\/schema\/logo\/image\/"},"sameAs":["https:\/\/www.facebook.com\/haecker.automation","https:\/\/x.com\/_haecker","https:\/\/www.linkedin.com\/company\/h-cker-automation-gmbh\/mycompany\/","https:\/\/www.youtube.com\/@HaeckerAutomation"]}]}},"_links":{"self":[{"href":"https:\/\/kurtz-ersa-smart-production.com\/en\/wp-json\/wp\/v2\/pages\/4505","targetHints":{"allow":["GET"]}}],"collection":[{"href":"https:\/\/kurtz-ersa-smart-production.com\/en\/wp-json\/wp\/v2\/pages"}],"about":[{"href":"https:\/\/kurtz-ersa-smart-production.com\/en\/wp-json\/wp\/v2\/types\/page"}],"author":[{"embeddable":true,"href":"https:\/\/kurtz-ersa-smart-production.com\/en\/wp-json\/wp\/v2\/users\/1"}],"replies":[{"embeddable":true,"href":"https:\/\/kurtz-ersa-smart-production.com\/en\/wp-json\/wp\/v2\/comments?post=4505"}],"version-history":[{"count":3,"href":"https:\/\/kurtz-ersa-smart-production.com\/en\/wp-json\/wp\/v2\/pages\/4505\/revisions"}],"predecessor-version":[{"id":15958,"href":"https:\/\/kurtz-ersa-smart-production.com\/en\/wp-json\/wp\/v2\/pages\/4505\/revisions\/15958"}],"wp:featuredmedia":[{"embeddable":true,"href":"https:\/\/kurtz-ersa-smart-production.com\/en\/wp-json\/wp\/v2\/media\/3289"}],"wp:attachment":[{"href":"https:\/\/kurtz-ersa-smart-production.com\/en\/wp-json\/wp\/v2\/media?parent=4505"}],"curies":[{"name":"wp","href":"https:\/\/api.w.org\/{rel}","templated":true}]}}